{"id":12653,"date":"2022-06-07T12:21:33","date_gmt":"2022-06-07T11:21:33","guid":{"rendered":"https:\/\/awl.nl\/whitepaper-automated-welding\/"},"modified":"2022-06-07T14:13:28","modified_gmt":"2022-06-07T13:13:28","slug":"whitepaper-automated-welding","status":"publish","type":"page","link":"https:\/\/awl.nl\/cs\/whitepaper-automated-welding\/","title":{"rendered":"Whitepaper form &#8211; automated welding"},"content":{"rendered":"","protected":false},"excerpt":{"rendered":"","protected":false},"author":8,"featured_media":0,"parent":0,"menu_order":0,"comment_status":"closed","ping_status":"closed","template":"","meta":{"content-type":"","footnotes":""},"class_list":["post-12653","page","type-page","status-publish","hentry"],"acf":[],"yoast_head":"<!-- This site is optimized with the Yoast SEO plugin v26.0 - https:\/\/yoast.com\/wordpress\/plugins\/seo\/ -->\n<title>Whitepaper form - automated welding - AWL<\/title>\n<meta name=\"robots\" content=\"index, follow, max-snippet:-1, max-image-preview:large, max-video-preview:-1\" \/>\n<link rel=\"canonical\" href=\"https:\/\/awl.nl\/cs\/whitepaper-automated-welding\/\" \/>\n<meta property=\"og:locale\" content=\"cs_CZ\" \/>\n<meta property=\"og:type\" content=\"article\" \/>\n<meta property=\"og:title\" content=\"Whitepaper form - automated welding - AWL\" \/>\n<meta property=\"og:url\" content=\"https:\/\/awl.nl\/cs\/whitepaper-automated-welding\/\" \/>\n<meta property=\"og:site_name\" content=\"AWL\" \/>\n<meta property=\"article:modified_time\" content=\"2022-06-07T13:13:28+00:00\" \/>\n<meta property=\"og:image\" content=\"https:\/\/awl.nl\/wp-content\/uploads\/2019\/11\/header-about-awl-3-e1574760507864.jpg\" \/>\n\t<meta property=\"og:image:width\" content=\"1899\" \/>\n\t<meta property=\"og:image:height\" content=\"299\" \/>\n\t<meta property=\"og:image:type\" content=\"image\/jpeg\" \/>\n<meta name=\"twitter:card\" content=\"summary_large_image\" \/>\n<script type=\"application\/ld+json\" class=\"yoast-schema-graph\">{\"@context\":\"https:\/\/schema.org\",\"@graph\":[{\"@type\":\"WebPage\",\"@id\":\"https:\/\/awl.nl\/cs\/whitepaper-automated-welding\/\",\"url\":\"https:\/\/awl.nl\/cs\/whitepaper-automated-welding\/\",\"name\":\"Whitepaper form - automated welding - AWL\",\"isPartOf\":{\"@id\":\"https:\/\/awl.nl\/cs\/#website\"},\"datePublished\":\"2022-06-07T11:21:33+00:00\",\"dateModified\":\"2022-06-07T13:13:28+00:00\",\"breadcrumb\":{\"@id\":\"https:\/\/awl.nl\/cs\/whitepaper-automated-welding\/#breadcrumb\"},\"inLanguage\":\"cs\",\"potentialAction\":[{\"@type\":\"ReadAction\",\"target\":[\"https:\/\/awl.nl\/cs\/whitepaper-automated-welding\/\"]}]},{\"@type\":\"BreadcrumbList\",\"@id\":\"https:\/\/awl.nl\/cs\/whitepaper-automated-welding\/#breadcrumb\",\"itemListElement\":[{\"@type\":\"ListItem\",\"position\":1,\"name\":\"Home\",\"item\":\"https:\/\/awl.nl\/cs\/\"},{\"@type\":\"ListItem\",\"position\":2,\"name\":\"Whitepaper form &#8211; automated welding\"}]},{\"@type\":\"WebSite\",\"@id\":\"https:\/\/awl.nl\/cs\/#website\",\"url\":\"https:\/\/awl.nl\/cs\/\",\"name\":\"AWL\",\"description\":\"spolehliv\u00e1 \u0159e\u0161en\u00ed v oblasti \u0161pi\u010dkov\u00e9 automatizace, robotizace a k s\u00edti p\u0159ipojen\u00fdch technologi\u00ed\",\"potentialAction\":[{\"@type\":\"SearchAction\",\"target\":{\"@type\":\"EntryPoint\",\"urlTemplate\":\"https:\/\/awl.nl\/cs\/?s={search_term_string}\"},\"query-input\":{\"@type\":\"PropertyValueSpecification\",\"valueRequired\":true,\"valueName\":\"search_term_string\"}}],\"inLanguage\":\"cs\"}]}<\/script>\n<!-- \/ Yoast SEO plugin. -->","yoast_head_json":{"title":"Whitepaper form - automated welding - AWL","robots":{"index":"index","follow":"follow","max-snippet":"max-snippet:-1","max-image-preview":"max-image-preview:large","max-video-preview":"max-video-preview:-1"},"canonical":"https:\/\/awl.nl\/cs\/whitepaper-automated-welding\/","og_locale":"cs_CZ","og_type":"article","og_title":"Whitepaper form - automated welding - AWL","og_url":"https:\/\/awl.nl\/cs\/whitepaper-automated-welding\/","og_site_name":"AWL","article_modified_time":"2022-06-07T13:13:28+00:00","og_image":[{"width":1899,"height":299,"url":"https:\/\/awl.nl\/wp-content\/uploads\/2019\/11\/header-about-awl-3-e1574760507864.jpg","type":"image\/jpeg"}],"twitter_card":"summary_large_image","schema":{"@context":"https:\/\/schema.org","@graph":[{"@type":"WebPage","@id":"https:\/\/awl.nl\/cs\/whitepaper-automated-welding\/","url":"https:\/\/awl.nl\/cs\/whitepaper-automated-welding\/","name":"Whitepaper form - automated welding - AWL","isPartOf":{"@id":"https:\/\/awl.nl\/cs\/#website"},"datePublished":"2022-06-07T11:21:33+00:00","dateModified":"2022-06-07T13:13:28+00:00","breadcrumb":{"@id":"https:\/\/awl.nl\/cs\/whitepaper-automated-welding\/#breadcrumb"},"inLanguage":"cs","potentialAction":[{"@type":"ReadAction","target":["https:\/\/awl.nl\/cs\/whitepaper-automated-welding\/"]}]},{"@type":"BreadcrumbList","@id":"https:\/\/awl.nl\/cs\/whitepaper-automated-welding\/#breadcrumb","itemListElement":[{"@type":"ListItem","position":1,"name":"Home","item":"https:\/\/awl.nl\/cs\/"},{"@type":"ListItem","position":2,"name":"Whitepaper form &#8211; automated welding"}]},{"@type":"WebSite","@id":"https:\/\/awl.nl\/cs\/#website","url":"https:\/\/awl.nl\/cs\/","name":"AWL","description":"spolehliv\u00e1 \u0159e\u0161en\u00ed v oblasti \u0161pi\u010dkov\u00e9 automatizace, robotizace a k s\u00edti p\u0159ipojen\u00fdch technologi\u00ed","potentialAction":[{"@type":"SearchAction","target":{"@type":"EntryPoint","urlTemplate":"https:\/\/awl.nl\/cs\/?s={search_term_string}"},"query-input":{"@type":"PropertyValueSpecification","valueRequired":true,"valueName":"search_term_string"}}],"inLanguage":"cs"}]}},"_links":{"self":[{"href":"https:\/\/awl.nl\/cs\/wp-json\/wp\/v2\/pages\/12653","targetHints":{"allow":["GET"]}}],"collection":[{"href":"https:\/\/awl.nl\/cs\/wp-json\/wp\/v2\/pages"}],"about":[{"href":"https:\/\/awl.nl\/cs\/wp-json\/wp\/v2\/types\/page"}],"author":[{"embeddable":true,"href":"https:\/\/awl.nl\/cs\/wp-json\/wp\/v2\/users\/8"}],"replies":[{"embeddable":true,"href":"https:\/\/awl.nl\/cs\/wp-json\/wp\/v2\/comments?post=12653"}],"version-history":[{"count":1,"href":"https:\/\/awl.nl\/cs\/wp-json\/wp\/v2\/pages\/12653\/revisions"}],"predecessor-version":[{"id":12654,"href":"https:\/\/awl.nl\/cs\/wp-json\/wp\/v2\/pages\/12653\/revisions\/12654"}],"wp:attachment":[{"href":"https:\/\/awl.nl\/cs\/wp-json\/wp\/v2\/media?parent=12653"}],"curies":[{"name":"wp","href":"https:\/\/api.w.org\/{rel}","templated":true}]}}