{"id":13942,"date":"2023-03-07T16:08:30","date_gmt":"2023-03-07T15:08:30","guid":{"rendered":"https:\/\/awl.nl\/?page_id=13942"},"modified":"2025-10-27T11:11:05","modified_gmt":"2025-10-27T10:11:05","slug":"udrzitelnost","status":"publish","type":"page","link":"https:\/\/awl.nl\/cs\/udrzitelnost\/","title":{"rendered":"Udr\u017eitelnost"},"content":{"rendered":"","protected":false},"excerpt":{"rendered":"","protected":false},"author":8,"featured_media":13920,"parent":0,"menu_order":0,"comment_status":"closed","ping_status":"closed","template":"","meta":{"content-type":"","footnotes":""},"class_list":["post-13942","page","type-page","status-publish","has-post-thumbnail","hentry"],"acf":[],"yoast_head":"<!-- This site is optimized with the Yoast SEO plugin v26.0 - https:\/\/yoast.com\/wordpress\/plugins\/seo\/ -->\n<title>Udr\u017eitelnost - AWL<\/title>\n<meta name=\"robots\" content=\"index, follow, max-snippet:-1, max-image-preview:large, max-video-preview:-1\" \/>\n<link rel=\"canonical\" href=\"https:\/\/awl.nl\/cs\/udrzitelnost\/\" \/>\n<meta property=\"og:locale\" content=\"cs_CZ\" \/>\n<meta property=\"og:type\" content=\"article\" \/>\n<meta property=\"og:title\" content=\"Udr\u017eitelnost - AWL\" \/>\n<meta property=\"og:url\" content=\"https:\/\/awl.nl\/cs\/udrzitelnost\/\" \/>\n<meta property=\"og:site_name\" content=\"AWL\" \/>\n<meta property=\"article:modified_time\" content=\"2025-10-27T10:11:05+00:00\" \/>\n<meta property=\"og:image\" content=\"https:\/\/awl.nl\/wp-content\/uploads\/2023\/02\/awl-sustainability.jpg\" \/>\n\t<meta property=\"og:image:width\" content=\"1920\" \/>\n\t<meta property=\"og:image:height\" content=\"1280\" \/>\n\t<meta property=\"og:image:type\" content=\"image\/jpeg\" \/>\n<meta name=\"twitter:card\" content=\"summary_large_image\" \/>\n<meta name=\"twitter:label1\" content=\"Odhadovan\u00e1 doba \u010dten\u00ed\" \/>\n\t<meta name=\"twitter:data1\" content=\"3 minuty\" \/>\n<script type=\"application\/ld+json\" class=\"yoast-schema-graph\">{\"@context\":\"https:\/\/schema.org\",\"@graph\":[{\"@type\":\"WebPage\",\"@id\":\"https:\/\/awl.nl\/cs\/udrzitelnost\/\",\"url\":\"https:\/\/awl.nl\/cs\/udrzitelnost\/\",\"name\":\"Udr\u017eitelnost - AWL\",\"isPartOf\":{\"@id\":\"https:\/\/awl.nl\/cs\/#website\"},\"primaryImageOfPage\":{\"@id\":\"https:\/\/awl.nl\/cs\/udrzitelnost\/#primaryimage\"},\"image\":{\"@id\":\"https:\/\/awl.nl\/cs\/udrzitelnost\/#primaryimage\"},\"thumbnailUrl\":\"https:\/\/awl.nl\/wp-content\/uploads\/2023\/02\/awl-sustainability.jpg\",\"datePublished\":\"2023-03-07T15:08:30+00:00\",\"dateModified\":\"2025-10-27T10:11:05+00:00\",\"breadcrumb\":{\"@id\":\"https:\/\/awl.nl\/cs\/udrzitelnost\/#breadcrumb\"},\"inLanguage\":\"cs\",\"potentialAction\":[{\"@type\":\"ReadAction\",\"target\":[\"https:\/\/awl.nl\/cs\/udrzitelnost\/\"]}]},{\"@type\":\"ImageObject\",\"inLanguage\":\"cs\",\"@id\":\"https:\/\/awl.nl\/cs\/udrzitelnost\/#primaryimage\",\"url\":\"https:\/\/awl.nl\/wp-content\/uploads\/2023\/02\/awl-sustainability.jpg\",\"contentUrl\":\"https:\/\/awl.nl\/wp-content\/uploads\/2023\/02\/awl-sustainability.jpg\",\"width\":1920,\"height\":1280},{\"@type\":\"BreadcrumbList\",\"@id\":\"https:\/\/awl.nl\/cs\/udrzitelnost\/#breadcrumb\",\"itemListElement\":[{\"@type\":\"ListItem\",\"position\":1,\"name\":\"Home\",\"item\":\"https:\/\/awl.nl\/cs\/\"},{\"@type\":\"ListItem\",\"position\":2,\"name\":\"Udr\u017eitelnost\"}]},{\"@type\":\"WebSite\",\"@id\":\"https:\/\/awl.nl\/cs\/#website\",\"url\":\"https:\/\/awl.nl\/cs\/\",\"name\":\"AWL\",\"description\":\"spolehliv\u00e1 \u0159e\u0161en\u00ed v oblasti \u0161pi\u010dkov\u00e9 automatizace, robotizace a k s\u00edti p\u0159ipojen\u00fdch technologi\u00ed\",\"potentialAction\":[{\"@type\":\"SearchAction\",\"target\":{\"@type\":\"EntryPoint\",\"urlTemplate\":\"https:\/\/awl.nl\/cs\/?s={search_term_string}\"},\"query-input\":{\"@type\":\"PropertyValueSpecification\",\"valueRequired\":true,\"valueName\":\"search_term_string\"}}],\"inLanguage\":\"cs\"}]}<\/script>\n<!-- \/ Yoast SEO plugin. -->","yoast_head_json":{"title":"Udr\u017eitelnost - AWL","robots":{"index":"index","follow":"follow","max-snippet":"max-snippet:-1","max-image-preview":"max-image-preview:large","max-video-preview":"max-video-preview:-1"},"canonical":"https:\/\/awl.nl\/cs\/udrzitelnost\/","og_locale":"cs_CZ","og_type":"article","og_title":"Udr\u017eitelnost - AWL","og_url":"https:\/\/awl.nl\/cs\/udrzitelnost\/","og_site_name":"AWL","article_modified_time":"2025-10-27T10:11:05+00:00","og_image":[{"width":1920,"height":1280,"url":"https:\/\/awl.nl\/wp-content\/uploads\/2023\/02\/awl-sustainability.jpg","type":"image\/jpeg"}],"twitter_card":"summary_large_image","twitter_misc":{"Odhadovan\u00e1 doba \u010dten\u00ed":"3 minuty"},"schema":{"@context":"https:\/\/schema.org","@graph":[{"@type":"WebPage","@id":"https:\/\/awl.nl\/cs\/udrzitelnost\/","url":"https:\/\/awl.nl\/cs\/udrzitelnost\/","name":"Udr\u017eitelnost - AWL","isPartOf":{"@id":"https:\/\/awl.nl\/cs\/#website"},"primaryImageOfPage":{"@id":"https:\/\/awl.nl\/cs\/udrzitelnost\/#primaryimage"},"image":{"@id":"https:\/\/awl.nl\/cs\/udrzitelnost\/#primaryimage"},"thumbnailUrl":"https:\/\/awl.nl\/wp-content\/uploads\/2023\/02\/awl-sustainability.jpg","datePublished":"2023-03-07T15:08:30+00:00","dateModified":"2025-10-27T10:11:05+00:00","breadcrumb":{"@id":"https:\/\/awl.nl\/cs\/udrzitelnost\/#breadcrumb"},"inLanguage":"cs","potentialAction":[{"@type":"ReadAction","target":["https:\/\/awl.nl\/cs\/udrzitelnost\/"]}]},{"@type":"ImageObject","inLanguage":"cs","@id":"https:\/\/awl.nl\/cs\/udrzitelnost\/#primaryimage","url":"https:\/\/awl.nl\/wp-content\/uploads\/2023\/02\/awl-sustainability.jpg","contentUrl":"https:\/\/awl.nl\/wp-content\/uploads\/2023\/02\/awl-sustainability.jpg","width":1920,"height":1280},{"@type":"BreadcrumbList","@id":"https:\/\/awl.nl\/cs\/udrzitelnost\/#breadcrumb","itemListElement":[{"@type":"ListItem","position":1,"name":"Home","item":"https:\/\/awl.nl\/cs\/"},{"@type":"ListItem","position":2,"name":"Udr\u017eitelnost"}]},{"@type":"WebSite","@id":"https:\/\/awl.nl\/cs\/#website","url":"https:\/\/awl.nl\/cs\/","name":"AWL","description":"spolehliv\u00e1 \u0159e\u0161en\u00ed v oblasti \u0161pi\u010dkov\u00e9 automatizace, robotizace a k s\u00edti p\u0159ipojen\u00fdch technologi\u00ed","potentialAction":[{"@type":"SearchAction","target":{"@type":"EntryPoint","urlTemplate":"https:\/\/awl.nl\/cs\/?s={search_term_string}"},"query-input":{"@type":"PropertyValueSpecification","valueRequired":true,"valueName":"search_term_string"}}],"inLanguage":"cs"}]}},"_links":{"self":[{"href":"https:\/\/awl.nl\/cs\/wp-json\/wp\/v2\/pages\/13942","targetHints":{"allow":["GET"]}}],"collection":[{"href":"https:\/\/awl.nl\/cs\/wp-json\/wp\/v2\/pages"}],"about":[{"href":"https:\/\/awl.nl\/cs\/wp-json\/wp\/v2\/types\/page"}],"author":[{"embeddable":true,"href":"https:\/\/awl.nl\/cs\/wp-json\/wp\/v2\/users\/8"}],"replies":[{"embeddable":true,"href":"https:\/\/awl.nl\/cs\/wp-json\/wp\/v2\/comments?post=13942"}],"version-history":[{"count":10,"href":"https:\/\/awl.nl\/cs\/wp-json\/wp\/v2\/pages\/13942\/revisions"}],"predecessor-version":[{"id":20279,"href":"https:\/\/awl.nl\/cs\/wp-json\/wp\/v2\/pages\/13942\/revisions\/20279"}],"wp:featuredmedia":[{"embeddable":true,"href":"https:\/\/awl.nl\/cs\/wp-json\/wp\/v2\/media\/13920"}],"wp:attachment":[{"href":"https:\/\/awl.nl\/cs\/wp-json\/wp\/v2\/media?parent=13942"}],"curies":[{"name":"wp","href":"https:\/\/api.w.org\/{rel}","templated":true}]}}