{"id":6548,"date":"2020-03-30T15:19:06","date_gmt":"2020-03-30T14:19:06","guid":{"rendered":"https:\/\/awl.nl\/uber-awl\/global-board\/"},"modified":"2026-01-28T15:40:45","modified_gmt":"2026-01-28T14:40:45","slug":"globales-board","status":"publish","type":"page","link":"https:\/\/awl.nl\/de\/uber-awl\/globales-board\/","title":{"rendered":"Globales Board"},"content":{"rendered":"","protected":false},"excerpt":{"rendered":"","protected":false},"author":1,"featured_media":8325,"parent":3476,"menu_order":0,"comment_status":"closed","ping_status":"closed","template":"","meta":{"content-type":"","footnotes":""},"class_list":["post-6548","page","type-page","status-publish","has-post-thumbnail","hentry"],"acf":[],"yoast_head":"<!-- This site is optimized with the Yoast SEO plugin v26.0 - https:\/\/yoast.com\/wordpress\/plugins\/seo\/ -->\n<title>Globales Board - AWL<\/title>\n<meta name=\"robots\" content=\"index, follow, max-snippet:-1, max-image-preview:large, max-video-preview:-1\" \/>\n<link rel=\"canonical\" href=\"https:\/\/awl.nl\/de\/uber-awl\/globales-board\/\" \/>\n<meta property=\"og:locale\" content=\"de_DE\" \/>\n<meta property=\"og:type\" content=\"article\" \/>\n<meta property=\"og:title\" content=\"Globales Board - AWL\" \/>\n<meta property=\"og:url\" content=\"https:\/\/awl.nl\/de\/uber-awl\/globales-board\/\" \/>\n<meta property=\"og:site_name\" content=\"AWL\" \/>\n<meta property=\"article:modified_time\" content=\"2026-01-28T14:40:45+00:00\" \/>\n<meta property=\"og:image\" content=\"https:\/\/awl.nl\/wp-content\/uploads\/2020\/10\/DSC_1553-scaled-1024x683.jpg\" \/>\n\t<meta property=\"og:image:width\" content=\"1024\" \/>\n\t<meta property=\"og:image:height\" content=\"683\" \/>\n\t<meta property=\"og:image:type\" content=\"image\/jpeg\" \/>\n<meta name=\"twitter:card\" content=\"summary_large_image\" \/>\n<meta name=\"twitter:label1\" content=\"Gesch\u00e4tzte Lesezeit\" \/>\n\t<meta name=\"twitter:data1\" content=\"4\u00a0Minuten\" \/>\n<script type=\"application\/ld+json\" class=\"yoast-schema-graph\">{\"@context\":\"https:\/\/schema.org\",\"@graph\":[{\"@type\":\"WebPage\",\"@id\":\"https:\/\/awl.nl\/de\/uber-awl\/globales-board\/\",\"url\":\"https:\/\/awl.nl\/de\/uber-awl\/globales-board\/\",\"name\":\"Globales Board - AWL\",\"isPartOf\":{\"@id\":\"https:\/\/awl.nl\/cs\/#website\"},\"primaryImageOfPage\":{\"@id\":\"https:\/\/awl.nl\/de\/uber-awl\/globales-board\/#primaryimage\"},\"image\":{\"@id\":\"https:\/\/awl.nl\/de\/uber-awl\/globales-board\/#primaryimage\"},\"thumbnailUrl\":\"https:\/\/awl.nl\/wp-content\/uploads\/2020\/10\/DSC_1553.jpg\",\"datePublished\":\"2020-03-30T14:19:06+00:00\",\"dateModified\":\"2026-01-28T14:40:45+00:00\",\"breadcrumb\":{\"@id\":\"https:\/\/awl.nl\/de\/uber-awl\/globales-board\/#breadcrumb\"},\"inLanguage\":\"de\",\"potentialAction\":[{\"@type\":\"ReadAction\",\"target\":[\"https:\/\/awl.nl\/de\/uber-awl\/globales-board\/\"]}]},{\"@type\":\"ImageObject\",\"inLanguage\":\"de\",\"@id\":\"https:\/\/awl.nl\/de\/uber-awl\/globales-board\/#primaryimage\",\"url\":\"https:\/\/awl.nl\/wp-content\/uploads\/2020\/10\/DSC_1553.jpg\",\"contentUrl\":\"https:\/\/awl.nl\/wp-content\/uploads\/2020\/10\/DSC_1553.jpg\",\"width\":1920,\"height\":1280},{\"@type\":\"BreadcrumbList\",\"@id\":\"https:\/\/awl.nl\/de\/uber-awl\/globales-board\/#breadcrumb\",\"itemListElement\":[{\"@type\":\"ListItem\",\"position\":1,\"name\":\"Home\",\"item\":\"https:\/\/awl.nl\/de\/\"},{\"@type\":\"ListItem\",\"position\":2,\"name\":\"\u00dcber AWL\",\"item\":\"https:\/\/awl.nl\/de\/uber-awl\/\"},{\"@type\":\"ListItem\",\"position\":3,\"name\":\"Globales Board\"}]},{\"@type\":\"WebSite\",\"@id\":\"https:\/\/awl.nl\/cs\/#website\",\"url\":\"https:\/\/awl.nl\/cs\/\",\"name\":\"AWL\",\"description\":\"bew\u00e4hrte L\u00f6sungen in den Bereichen erstklassiger Automatisierung, Robotisierung und Verbindungstechnik zur Verf\u00fcgung stellen.\",\"potentialAction\":[{\"@type\":\"SearchAction\",\"target\":{\"@type\":\"EntryPoint\",\"urlTemplate\":\"https:\/\/awl.nl\/cs\/?s={search_term_string}\"},\"query-input\":{\"@type\":\"PropertyValueSpecification\",\"valueRequired\":true,\"valueName\":\"search_term_string\"}}],\"inLanguage\":\"de\"}]}<\/script>\n<!-- \/ Yoast SEO plugin. -->","yoast_head_json":{"title":"Globales Board - AWL","robots":{"index":"index","follow":"follow","max-snippet":"max-snippet:-1","max-image-preview":"max-image-preview:large","max-video-preview":"max-video-preview:-1"},"canonical":"https:\/\/awl.nl\/de\/uber-awl\/globales-board\/","og_locale":"de_DE","og_type":"article","og_title":"Globales Board - AWL","og_url":"https:\/\/awl.nl\/de\/uber-awl\/globales-board\/","og_site_name":"AWL","article_modified_time":"2026-01-28T14:40:45+00:00","og_image":[{"width":1024,"height":683,"url":"https:\/\/awl.nl\/wp-content\/uploads\/2020\/10\/DSC_1553-scaled-1024x683.jpg","type":"image\/jpeg"}],"twitter_card":"summary_large_image","twitter_misc":{"Gesch\u00e4tzte Lesezeit":"4\u00a0Minuten"},"schema":{"@context":"https:\/\/schema.org","@graph":[{"@type":"WebPage","@id":"https:\/\/awl.nl\/de\/uber-awl\/globales-board\/","url":"https:\/\/awl.nl\/de\/uber-awl\/globales-board\/","name":"Globales Board - AWL","isPartOf":{"@id":"https:\/\/awl.nl\/cs\/#website"},"primaryImageOfPage":{"@id":"https:\/\/awl.nl\/de\/uber-awl\/globales-board\/#primaryimage"},"image":{"@id":"https:\/\/awl.nl\/de\/uber-awl\/globales-board\/#primaryimage"},"thumbnailUrl":"https:\/\/awl.nl\/wp-content\/uploads\/2020\/10\/DSC_1553.jpg","datePublished":"2020-03-30T14:19:06+00:00","dateModified":"2026-01-28T14:40:45+00:00","breadcrumb":{"@id":"https:\/\/awl.nl\/de\/uber-awl\/globales-board\/#breadcrumb"},"inLanguage":"de","potentialAction":[{"@type":"ReadAction","target":["https:\/\/awl.nl\/de\/uber-awl\/globales-board\/"]}]},{"@type":"ImageObject","inLanguage":"de","@id":"https:\/\/awl.nl\/de\/uber-awl\/globales-board\/#primaryimage","url":"https:\/\/awl.nl\/wp-content\/uploads\/2020\/10\/DSC_1553.jpg","contentUrl":"https:\/\/awl.nl\/wp-content\/uploads\/2020\/10\/DSC_1553.jpg","width":1920,"height":1280},{"@type":"BreadcrumbList","@id":"https:\/\/awl.nl\/de\/uber-awl\/globales-board\/#breadcrumb","itemListElement":[{"@type":"ListItem","position":1,"name":"Home","item":"https:\/\/awl.nl\/de\/"},{"@type":"ListItem","position":2,"name":"\u00dcber AWL","item":"https:\/\/awl.nl\/de\/uber-awl\/"},{"@type":"ListItem","position":3,"name":"Globales Board"}]},{"@type":"WebSite","@id":"https:\/\/awl.nl\/cs\/#website","url":"https:\/\/awl.nl\/cs\/","name":"AWL","description":"bew\u00e4hrte L\u00f6sungen in den Bereichen erstklassiger Automatisierung, Robotisierung und Verbindungstechnik zur Verf\u00fcgung stellen.","potentialAction":[{"@type":"SearchAction","target":{"@type":"EntryPoint","urlTemplate":"https:\/\/awl.nl\/cs\/?s={search_term_string}"},"query-input":{"@type":"PropertyValueSpecification","valueRequired":true,"valueName":"search_term_string"}}],"inLanguage":"de"}]}},"_links":{"self":[{"href":"https:\/\/awl.nl\/de\/wp-json\/wp\/v2\/pages\/6548","targetHints":{"allow":["GET"]}}],"collection":[{"href":"https:\/\/awl.nl\/de\/wp-json\/wp\/v2\/pages"}],"about":[{"href":"https:\/\/awl.nl\/de\/wp-json\/wp\/v2\/types\/page"}],"author":[{"embeddable":true,"href":"https:\/\/awl.nl\/de\/wp-json\/wp\/v2\/users\/1"}],"replies":[{"embeddable":true,"href":"https:\/\/awl.nl\/de\/wp-json\/wp\/v2\/comments?post=6548"}],"version-history":[{"count":10,"href":"https:\/\/awl.nl\/de\/wp-json\/wp\/v2\/pages\/6548\/revisions"}],"predecessor-version":[{"id":20619,"href":"https:\/\/awl.nl\/de\/wp-json\/wp\/v2\/pages\/6548\/revisions\/20619"}],"up":[{"embeddable":true,"href":"https:\/\/awl.nl\/de\/wp-json\/wp\/v2\/pages\/3476"}],"wp:featuredmedia":[{"embeddable":true,"href":"https:\/\/awl.nl\/de\/wp-json\/wp\/v2\/media\/8325"}],"wp:attachment":[{"href":"https:\/\/awl.nl\/de\/wp-json\/wp\/v2\/media?parent=6548"}],"curies":[{"name":"wp","href":"https:\/\/api.w.org\/{rel}","templated":true}]}}