{"id":19301,"date":"2025-04-02T12:46:38","date_gmt":"2025-04-02T11:46:38","guid":{"rendered":"https:\/\/awl.nl\/projects\/"},"modified":"2025-09-29T16:20:04","modified_gmt":"2025-09-29T15:20:04","slug":"experiencia-del-cliente","status":"publish","type":"page","link":"https:\/\/awl.nl\/es\/experiencia-del-cliente\/","title":{"rendered":"Experiencia del cliente"},"content":{"rendered":"","protected":false},"excerpt":{"rendered":"","protected":false},"author":1,"featured_media":0,"parent":0,"menu_order":0,"comment_status":"closed","ping_status":"closed","template":"","meta":{"content-type":"","footnotes":""},"class_list":["post-19301","page","type-page","status-publish","hentry"],"acf":[],"yoast_head":"<!-- This site is optimized with the Yoast SEO plugin v26.0 - https:\/\/yoast.com\/wordpress\/plugins\/seo\/ -->\n<title>Experiencia del cliente - AWL<\/title>\n<meta name=\"robots\" content=\"index, follow, max-snippet:-1, max-image-preview:large, max-video-preview:-1\" \/>\n<link rel=\"canonical\" href=\"https:\/\/awl.nl\/es\/experiencia-del-cliente\/\" \/>\n<meta property=\"og:locale\" content=\"es_ES\" \/>\n<meta property=\"og:type\" content=\"article\" \/>\n<meta property=\"og:title\" content=\"Experiencia del cliente - AWL\" \/>\n<meta property=\"og:url\" content=\"https:\/\/awl.nl\/es\/experiencia-del-cliente\/\" \/>\n<meta property=\"og:site_name\" content=\"AWL\" \/>\n<meta property=\"article:modified_time\" content=\"2025-09-29T15:20:04+00:00\" \/>\n<meta property=\"og:image\" content=\"https:\/\/awl.nl\/wp-content\/uploads\/2019\/11\/header-about-awl-3-e1574760507864.jpg\" \/>\n\t<meta property=\"og:image:width\" content=\"1899\" \/>\n\t<meta property=\"og:image:height\" content=\"299\" \/>\n\t<meta property=\"og:image:type\" content=\"image\/jpeg\" \/>\n<meta name=\"twitter:card\" content=\"summary_large_image\" \/>\n<meta name=\"twitter:label1\" content=\"Tiempo de lectura\" \/>\n\t<meta name=\"twitter:data1\" content=\"1 minuto\" \/>\n<script type=\"application\/ld+json\" class=\"yoast-schema-graph\">{\"@context\":\"https:\/\/schema.org\",\"@graph\":[{\"@type\":\"WebPage\",\"@id\":\"https:\/\/awl.nl\/es\/experiencia-del-cliente\/\",\"url\":\"https:\/\/awl.nl\/es\/experiencia-del-cliente\/\",\"name\":\"Experiencia del cliente - AWL\",\"isPartOf\":{\"@id\":\"https:\/\/awl.nl\/cs\/#website\"},\"datePublished\":\"2025-04-02T11:46:38+00:00\",\"dateModified\":\"2025-09-29T15:20:04+00:00\",\"breadcrumb\":{\"@id\":\"https:\/\/awl.nl\/es\/experiencia-del-cliente\/#breadcrumb\"},\"inLanguage\":\"es\",\"potentialAction\":[{\"@type\":\"ReadAction\",\"target\":[\"https:\/\/awl.nl\/es\/experiencia-del-cliente\/\"]}]},{\"@type\":\"BreadcrumbList\",\"@id\":\"https:\/\/awl.nl\/es\/experiencia-del-cliente\/#breadcrumb\",\"itemListElement\":[{\"@type\":\"ListItem\",\"position\":1,\"name\":\"Home\",\"item\":\"https:\/\/awl.nl\/es\/\"},{\"@type\":\"ListItem\",\"position\":2,\"name\":\"Experiencia del cliente\"}]},{\"@type\":\"WebSite\",\"@id\":\"https:\/\/awl.nl\/cs\/#website\",\"url\":\"https:\/\/awl.nl\/cs\/\",\"name\":\"AWL\",\"description\":\"soluciones confiables en el campo de la automatizaci\u00f3n de alta gama, la robotizaci\u00f3n y la tecnolog\u00eda conectada\",\"potentialAction\":[{\"@type\":\"SearchAction\",\"target\":{\"@type\":\"EntryPoint\",\"urlTemplate\":\"https:\/\/awl.nl\/cs\/?s={search_term_string}\"},\"query-input\":{\"@type\":\"PropertyValueSpecification\",\"valueRequired\":true,\"valueName\":\"search_term_string\"}}],\"inLanguage\":\"es\"}]}<\/script>\n<!-- \/ Yoast SEO plugin. -->","yoast_head_json":{"title":"Experiencia del cliente - AWL","robots":{"index":"index","follow":"follow","max-snippet":"max-snippet:-1","max-image-preview":"max-image-preview:large","max-video-preview":"max-video-preview:-1"},"canonical":"https:\/\/awl.nl\/es\/experiencia-del-cliente\/","og_locale":"es_ES","og_type":"article","og_title":"Experiencia del cliente - AWL","og_url":"https:\/\/awl.nl\/es\/experiencia-del-cliente\/","og_site_name":"AWL","article_modified_time":"2025-09-29T15:20:04+00:00","og_image":[{"width":1899,"height":299,"url":"https:\/\/awl.nl\/wp-content\/uploads\/2019\/11\/header-about-awl-3-e1574760507864.jpg","type":"image\/jpeg"}],"twitter_card":"summary_large_image","twitter_misc":{"Tiempo de lectura":"1 minuto"},"schema":{"@context":"https:\/\/schema.org","@graph":[{"@type":"WebPage","@id":"https:\/\/awl.nl\/es\/experiencia-del-cliente\/","url":"https:\/\/awl.nl\/es\/experiencia-del-cliente\/","name":"Experiencia del cliente - AWL","isPartOf":{"@id":"https:\/\/awl.nl\/cs\/#website"},"datePublished":"2025-04-02T11:46:38+00:00","dateModified":"2025-09-29T15:20:04+00:00","breadcrumb":{"@id":"https:\/\/awl.nl\/es\/experiencia-del-cliente\/#breadcrumb"},"inLanguage":"es","potentialAction":[{"@type":"ReadAction","target":["https:\/\/awl.nl\/es\/experiencia-del-cliente\/"]}]},{"@type":"BreadcrumbList","@id":"https:\/\/awl.nl\/es\/experiencia-del-cliente\/#breadcrumb","itemListElement":[{"@type":"ListItem","position":1,"name":"Home","item":"https:\/\/awl.nl\/es\/"},{"@type":"ListItem","position":2,"name":"Experiencia del cliente"}]},{"@type":"WebSite","@id":"https:\/\/awl.nl\/cs\/#website","url":"https:\/\/awl.nl\/cs\/","name":"AWL","description":"soluciones confiables en el campo de la automatizaci\u00f3n de alta gama, la robotizaci\u00f3n y la tecnolog\u00eda conectada","potentialAction":[{"@type":"SearchAction","target":{"@type":"EntryPoint","urlTemplate":"https:\/\/awl.nl\/cs\/?s={search_term_string}"},"query-input":{"@type":"PropertyValueSpecification","valueRequired":true,"valueName":"search_term_string"}}],"inLanguage":"es"}]}},"_links":{"self":[{"href":"https:\/\/awl.nl\/es\/wp-json\/wp\/v2\/pages\/19301","targetHints":{"allow":["GET"]}}],"collection":[{"href":"https:\/\/awl.nl\/es\/wp-json\/wp\/v2\/pages"}],"about":[{"href":"https:\/\/awl.nl\/es\/wp-json\/wp\/v2\/types\/page"}],"author":[{"embeddable":true,"href":"https:\/\/awl.nl\/es\/wp-json\/wp\/v2\/users\/1"}],"replies":[{"embeddable":true,"href":"https:\/\/awl.nl\/es\/wp-json\/wp\/v2\/comments?post=19301"}],"version-history":[{"count":2,"href":"https:\/\/awl.nl\/es\/wp-json\/wp\/v2\/pages\/19301\/revisions"}],"predecessor-version":[{"id":20091,"href":"https:\/\/awl.nl\/es\/wp-json\/wp\/v2\/pages\/19301\/revisions\/20091"}],"wp:attachment":[{"href":"https:\/\/awl.nl\/es\/wp-json\/wp\/v2\/media?parent=19301"}],"curies":[{"name":"wp","href":"https:\/\/api.w.org\/{rel}","templated":true}]}}