{"id":6848,"date":"2020-03-30T15:30:03","date_gmt":"2020-03-30T14:30:03","guid":{"rendered":"https:\/\/awl.nl\/acerca-de-awl\/partners-samenwerkingen\/"},"modified":"2020-11-23T15:18:08","modified_gmt":"2020-11-23T14:18:08","slug":"socios-y-asociaciones","status":"publish","type":"page","link":"https:\/\/awl.nl\/es\/acerca-de-awl\/socios-y-asociaciones\/","title":{"rendered":"Socios y asociaciones"},"content":{"rendered":"","protected":false},"excerpt":{"rendered":"","protected":false},"author":1,"featured_media":8855,"parent":3474,"menu_order":0,"comment_status":"closed","ping_status":"closed","template":"","meta":{"content-type":"","footnotes":""},"class_list":["post-6848","page","type-page","status-publish","has-post-thumbnail","hentry"],"acf":[],"yoast_head":"<!-- This site is optimized with the Yoast SEO plugin v26.0 - https:\/\/yoast.com\/wordpress\/plugins\/seo\/ -->\n<title>Socios y asociaciones - AWL<\/title>\n<meta name=\"robots\" content=\"index, follow, max-snippet:-1, max-image-preview:large, max-video-preview:-1\" \/>\n<link rel=\"canonical\" href=\"https:\/\/awl.nl\/es\/acerca-de-awl\/socios-y-asociaciones\/\" \/>\n<meta property=\"og:locale\" content=\"es_ES\" \/>\n<meta property=\"og:type\" content=\"article\" \/>\n<meta property=\"og:title\" content=\"Socios y asociaciones - AWL\" \/>\n<meta property=\"og:url\" content=\"https:\/\/awl.nl\/es\/acerca-de-awl\/socios-y-asociaciones\/\" \/>\n<meta property=\"og:site_name\" content=\"AWL\" \/>\n<meta property=\"article:modified_time\" content=\"2020-11-23T14:18:08+00:00\" \/>\n<meta property=\"og:image\" content=\"https:\/\/awl.nl\/wp-content\/uploads\/2020\/11\/project-management-scaled.jpg\" \/>\n\t<meta property=\"og:image:width\" content=\"1920\" \/>\n\t<meta property=\"og:image:height\" content=\"1280\" \/>\n\t<meta property=\"og:image:type\" content=\"image\/jpeg\" \/>\n<meta name=\"twitter:card\" content=\"summary_large_image\" \/>\n<script type=\"application\/ld+json\" class=\"yoast-schema-graph\">{\"@context\":\"https:\/\/schema.org\",\"@graph\":[{\"@type\":\"WebPage\",\"@id\":\"https:\/\/awl.nl\/es\/acerca-de-awl\/socios-y-asociaciones\/\",\"url\":\"https:\/\/awl.nl\/es\/acerca-de-awl\/socios-y-asociaciones\/\",\"name\":\"Socios y asociaciones - AWL\",\"isPartOf\":{\"@id\":\"https:\/\/awl.nl\/cs\/#website\"},\"primaryImageOfPage\":{\"@id\":\"https:\/\/awl.nl\/es\/acerca-de-awl\/socios-y-asociaciones\/#primaryimage\"},\"image\":{\"@id\":\"https:\/\/awl.nl\/es\/acerca-de-awl\/socios-y-asociaciones\/#primaryimage\"},\"thumbnailUrl\":\"https:\/\/awl.nl\/wp-content\/uploads\/2020\/11\/project-management-scaled.jpg\",\"datePublished\":\"2020-03-30T14:30:03+00:00\",\"dateModified\":\"2020-11-23T14:18:08+00:00\",\"breadcrumb\":{\"@id\":\"https:\/\/awl.nl\/es\/acerca-de-awl\/socios-y-asociaciones\/#breadcrumb\"},\"inLanguage\":\"es\",\"potentialAction\":[{\"@type\":\"ReadAction\",\"target\":[\"https:\/\/awl.nl\/es\/acerca-de-awl\/socios-y-asociaciones\/\"]}]},{\"@type\":\"ImageObject\",\"inLanguage\":\"es\",\"@id\":\"https:\/\/awl.nl\/es\/acerca-de-awl\/socios-y-asociaciones\/#primaryimage\",\"url\":\"https:\/\/awl.nl\/wp-content\/uploads\/2020\/11\/project-management-scaled.jpg\",\"contentUrl\":\"https:\/\/awl.nl\/wp-content\/uploads\/2020\/11\/project-management-scaled.jpg\",\"width\":1920,\"height\":1280},{\"@type\":\"BreadcrumbList\",\"@id\":\"https:\/\/awl.nl\/es\/acerca-de-awl\/socios-y-asociaciones\/#breadcrumb\",\"itemListElement\":[{\"@type\":\"ListItem\",\"position\":1,\"name\":\"Home\",\"item\":\"https:\/\/awl.nl\/es\/\"},{\"@type\":\"ListItem\",\"position\":2,\"name\":\"Acerca AWL\",\"item\":\"https:\/\/awl.nl\/es\/acerca-de-awl\/\"},{\"@type\":\"ListItem\",\"position\":3,\"name\":\"Socios y asociaciones\"}]},{\"@type\":\"WebSite\",\"@id\":\"https:\/\/awl.nl\/cs\/#website\",\"url\":\"https:\/\/awl.nl\/cs\/\",\"name\":\"AWL\",\"description\":\"soluciones confiables en el campo de la automatizaci\u00f3n de alta gama, la robotizaci\u00f3n y la tecnolog\u00eda conectada\",\"potentialAction\":[{\"@type\":\"SearchAction\",\"target\":{\"@type\":\"EntryPoint\",\"urlTemplate\":\"https:\/\/awl.nl\/cs\/?s={search_term_string}\"},\"query-input\":{\"@type\":\"PropertyValueSpecification\",\"valueRequired\":true,\"valueName\":\"search_term_string\"}}],\"inLanguage\":\"es\"}]}<\/script>\n<!-- \/ Yoast SEO plugin. -->","yoast_head_json":{"title":"Socios y asociaciones - AWL","robots":{"index":"index","follow":"follow","max-snippet":"max-snippet:-1","max-image-preview":"max-image-preview:large","max-video-preview":"max-video-preview:-1"},"canonical":"https:\/\/awl.nl\/es\/acerca-de-awl\/socios-y-asociaciones\/","og_locale":"es_ES","og_type":"article","og_title":"Socios y asociaciones - AWL","og_url":"https:\/\/awl.nl\/es\/acerca-de-awl\/socios-y-asociaciones\/","og_site_name":"AWL","article_modified_time":"2020-11-23T14:18:08+00:00","og_image":[{"width":1920,"height":1280,"url":"https:\/\/awl.nl\/wp-content\/uploads\/2020\/11\/project-management-scaled.jpg","type":"image\/jpeg"}],"twitter_card":"summary_large_image","schema":{"@context":"https:\/\/schema.org","@graph":[{"@type":"WebPage","@id":"https:\/\/awl.nl\/es\/acerca-de-awl\/socios-y-asociaciones\/","url":"https:\/\/awl.nl\/es\/acerca-de-awl\/socios-y-asociaciones\/","name":"Socios y asociaciones - AWL","isPartOf":{"@id":"https:\/\/awl.nl\/cs\/#website"},"primaryImageOfPage":{"@id":"https:\/\/awl.nl\/es\/acerca-de-awl\/socios-y-asociaciones\/#primaryimage"},"image":{"@id":"https:\/\/awl.nl\/es\/acerca-de-awl\/socios-y-asociaciones\/#primaryimage"},"thumbnailUrl":"https:\/\/awl.nl\/wp-content\/uploads\/2020\/11\/project-management-scaled.jpg","datePublished":"2020-03-30T14:30:03+00:00","dateModified":"2020-11-23T14:18:08+00:00","breadcrumb":{"@id":"https:\/\/awl.nl\/es\/acerca-de-awl\/socios-y-asociaciones\/#breadcrumb"},"inLanguage":"es","potentialAction":[{"@type":"ReadAction","target":["https:\/\/awl.nl\/es\/acerca-de-awl\/socios-y-asociaciones\/"]}]},{"@type":"ImageObject","inLanguage":"es","@id":"https:\/\/awl.nl\/es\/acerca-de-awl\/socios-y-asociaciones\/#primaryimage","url":"https:\/\/awl.nl\/wp-content\/uploads\/2020\/11\/project-management-scaled.jpg","contentUrl":"https:\/\/awl.nl\/wp-content\/uploads\/2020\/11\/project-management-scaled.jpg","width":1920,"height":1280},{"@type":"BreadcrumbList","@id":"https:\/\/awl.nl\/es\/acerca-de-awl\/socios-y-asociaciones\/#breadcrumb","itemListElement":[{"@type":"ListItem","position":1,"name":"Home","item":"https:\/\/awl.nl\/es\/"},{"@type":"ListItem","position":2,"name":"Acerca AWL","item":"https:\/\/awl.nl\/es\/acerca-de-awl\/"},{"@type":"ListItem","position":3,"name":"Socios y asociaciones"}]},{"@type":"WebSite","@id":"https:\/\/awl.nl\/cs\/#website","url":"https:\/\/awl.nl\/cs\/","name":"AWL","description":"soluciones confiables en el campo de la automatizaci\u00f3n de alta gama, la robotizaci\u00f3n y la tecnolog\u00eda conectada","potentialAction":[{"@type":"SearchAction","target":{"@type":"EntryPoint","urlTemplate":"https:\/\/awl.nl\/cs\/?s={search_term_string}"},"query-input":{"@type":"PropertyValueSpecification","valueRequired":true,"valueName":"search_term_string"}}],"inLanguage":"es"}]}},"_links":{"self":[{"href":"https:\/\/awl.nl\/es\/wp-json\/wp\/v2\/pages\/6848","targetHints":{"allow":["GET"]}}],"collection":[{"href":"https:\/\/awl.nl\/es\/wp-json\/wp\/v2\/pages"}],"about":[{"href":"https:\/\/awl.nl\/es\/wp-json\/wp\/v2\/types\/page"}],"author":[{"embeddable":true,"href":"https:\/\/awl.nl\/es\/wp-json\/wp\/v2\/users\/1"}],"replies":[{"embeddable":true,"href":"https:\/\/awl.nl\/es\/wp-json\/wp\/v2\/comments?post=6848"}],"version-history":[{"count":1,"href":"https:\/\/awl.nl\/es\/wp-json\/wp\/v2\/pages\/6848\/revisions"}],"predecessor-version":[{"id":8861,"href":"https:\/\/awl.nl\/es\/wp-json\/wp\/v2\/pages\/6848\/revisions\/8861"}],"up":[{"embeddable":true,"href":"https:\/\/awl.nl\/es\/wp-json\/wp\/v2\/pages\/3474"}],"wp:featuredmedia":[{"embeddable":true,"href":"https:\/\/awl.nl\/es\/wp-json\/wp\/v2\/media\/8855"}],"wp:attachment":[{"href":"https:\/\/awl.nl\/es\/wp-json\/wp\/v2\/media?parent=6848"}],"curies":[{"name":"wp","href":"https:\/\/api.w.org\/{rel}","templated":true}]}}